{"id":10,"date":"2016-11-25T11:17:46","date_gmt":"2016-11-25T11:17:46","guid":{"rendered":"https:\/\/2017.buea.wordcamp.org\/sponsors\/"},"modified":"2017-02-16T11:43:12","modified_gmt":"2017-02-16T11:43:12","slug":"sponsors","status":"publish","type":"page","link":"https:\/\/buea.wordcamp.org\/2017\/sponsors\/","title":{"rendered":"Sponsors"},"content":{"rendered":"\n\t<div class=\"wcorg-sponsors\">\n\t\t\n\t\t\t<div class=\"wcorg-sponsor-level-gold\">\n\t\t\t\t<h2>Gold<\/h2>\n\n\t\t\t\t\n\t\t\t\t\t<div id=\"wcorg-sponsor-20\" class=\"wcorg-sponsor\">\n\t\t\t\t\t\t\t\t\t\t\t\t\t\t\t\t\t\t\t\t\t<h3>\n\t\t\t\t\t\t\t\t\tWooCommerce\t\t\t\t\t\t\t\t<\/h3>\n\t\t\t\t\t\t\t\t\t\t\t\t\t\n\t\t\t\t\t\t<div class=\"wcorg-sponsor-description\">\n\t\t\t\t\t\t\t\t\t\t\t\t\t\t\t<img loading=\"lazy\" decoding=\"async\" width=\"2200\" height=\"1000\" src=\"https:\/\/buea.wordcamp.org\/2017\/files\/2016\/11\/woocommerce-logo-1.png\" class=\"attachment-wcb-sponsor-logo-horizontal-2x size-wcb-sponsor-logo-horizontal-2x wp-post-image\" alt=\"WooCommerce\" srcset=\"https:\/\/buea.wordcamp.org\/2017\/files\/2016\/11\/woocommerce-logo-1.png 2200w, https:\/\/buea.wordcamp.org\/2017\/files\/2016\/11\/woocommerce-logo-1-300x136.png 300w, https:\/\/buea.wordcamp.org\/2017\/files\/2016\/11\/woocommerce-logo-1-768x349.png 768w, https:\/\/buea.wordcamp.org\/2017\/files\/2016\/11\/woocommerce-logo-1-1024x465.png 1024w, https:\/\/buea.wordcamp.org\/2017\/files\/2016\/11\/woocommerce-logo-1-500x227.png 500w, https:\/\/buea.wordcamp.org\/2017\/files\/2016\/11\/woocommerce-logo-1-1000x455.png 1000w\" sizes=\"auto, (max-width: 2200px) 100vw, 2200px\" \/>\t\t\t\t\t\t\t\n\t\t\t\t\t\t\t\t\t\t\t\t\t\t\t<p>37% of all online stores are powered by WooCommerce. Built on WordPress, WooCommerce is a fully customizable, open source\u00a0eCommerce\u00a0solution.<\/p>\n<ul>\n<li><a href=\"https:\/\/href.li\/?https:\/\/wordpress.org\/plugins\/woocommerce\/stats\/\" target=\"_blank\" rel=\"noreferrer nofollow\">1+ million active installations<\/a><\/li>\n<li>16+ million downloads<\/li>\n<li>400+ extensions to add functionality<\/li>\n<\/ul>\n<p>Whether you\u2019re selling a few handcrafted items to a niche market, taking an existing business online, or going global with an enterprise level eCommerce business\u00a0\u2013 WooCommerce will get you set up and selling fast and\u00a0scale securely as you grow. Plus your content will be forever yours and customizable down to the finest button color.<\/p>\n<p>Developed and supported by a distributed team, WooCommerce is powered\u00a0by Automattic, the creators of WordPress.com.<\/p>\n\t\t\t\t\t\t\t\t\t\t\t\t\t<\/div>\n\t\t\t\t\t<\/div><!-- #sponsor -->\n\t\t\t\t\n\t\t\t\t\t<div id=\"wcorg-sponsor-21\" class=\"wcorg-sponsor\">\n\t\t\t\t\t\t\t\t\t\t\t\t\t\t\t\t\t\t\t\t\t<h3>\n\t\t\t\t\t\t\t\t\tJetpack\t\t\t\t\t\t\t\t<\/h3>\n\t\t\t\t\t\t\t\t\t\t\t\t\t\n\t\t\t\t\t\t<div class=\"wcorg-sponsor-description\">\n\t\t\t\t\t\t\t\t\t\t\t\t\t\t\t<img loading=\"lazy\" decoding=\"async\" width=\"1200\" height=\"682\" src=\"https:\/\/buea.wordcamp.org\/2017\/files\/2016\/11\/new-jetparkjj.jpg\" class=\"attachment-wcb-sponsor-logo-horizontal-2x size-wcb-sponsor-logo-horizontal-2x wp-post-image\" alt=\"Jetpack\" srcset=\"https:\/\/buea.wordcamp.org\/2017\/files\/2016\/11\/new-jetparkjj.jpg 1200w, https:\/\/buea.wordcamp.org\/2017\/files\/2016\/11\/new-jetparkjj-300x171.jpg 300w, https:\/\/buea.wordcamp.org\/2017\/files\/2016\/11\/new-jetparkjj-768x436.jpg 768w, https:\/\/buea.wordcamp.org\/2017\/files\/2016\/11\/new-jetparkjj-1024x582.jpg 1024w, https:\/\/buea.wordcamp.org\/2017\/files\/2016\/11\/new-jetparkjj-500x284.jpg 500w, https:\/\/buea.wordcamp.org\/2017\/files\/2016\/11\/new-jetparkjj-1000x568.jpg 1000w\" sizes=\"auto, (max-width: 1200px) 100vw, 1200px\" \/>\t\t\t\t\t\t\t\n\t\t\t\t\t\t\t\t\t\t\t\t\t\t\t<p>Transform how you work with your WordPress sites and rest easy knowing they\u2019re always firing on all cylinders. Jetpack connects your site to the global services, community, and support provided by WordPress.com so you can focus on the stuff that matters.<\/p>\n<p>Jetpack automatically shields your site from the unwanted attention of spammers, hackers, and malware, while real-time sync and backup means you don\u2019t have to worry about data loss. Straightforward traffic-building tools help you attract the attention of readers and search engines. Pages and videos are delivered at high speed from a global, ad-free content delivery network.<\/p>\n<p>Jetpack sends new content directly to your subscribers\u2019 inboxes and shows readers related content, helping you increase page views per visitor and boost ad revenue. Whenever you need it, you can rely on priority support from our global team of WordPress experts to ensure a friction-free experience for your visitors \u2014 and for you.<\/p>\n<p>Make your site work for you. Get your Jetpack today at <a href=\"http:\/\/jetpack.com\" rel=\"nofollow\">Jetpack.com<\/a><\/p>\n\t\t\t\t\t\t\t\t\t\t\t\t\t<\/div>\n\t\t\t\t\t<\/div><!-- #sponsor -->\n\t\t\t\t\t\t\t<\/div><!-- .wcorg-sponsor-level -->\n\t\t\n\t\t\t<div class=\"wcorg-sponsor-level-silver\">\n\t\t\t\t<h2>Silver<\/h2>\n\n\t\t\t\t\n\t\t\t\t\t<div id=\"wcorg-sponsor-22\" class=\"wcorg-sponsor\">\n\t\t\t\t\t\t\t\t\t\t\t\t\t\t\t\t\t\t\t\t\t<h3>\n\t\t\t\t\t\t\t\t\tGoDaddy\t\t\t\t\t\t\t\t<\/h3>\n\t\t\t\t\t\t\t\t\t\t\t\t\t\n\t\t\t\t\t\t<div class=\"wcorg-sponsor-description\">\n\t\t\t\t\t\t\t\t\t\t\t\t\t\t\t<img loading=\"lazy\" decoding=\"async\" width=\"923\" height=\"207\" src=\"https:\/\/buea.wordcamp.org\/2017\/files\/2016\/11\/GoDaddy_Pro_logo.png\" class=\"attachment-wcb-sponsor-logo-horizontal-2x size-wcb-sponsor-logo-horizontal-2x wp-post-image\" alt=\"GoDaddy\" srcset=\"https:\/\/buea.wordcamp.org\/2017\/files\/2016\/11\/GoDaddy_Pro_logo.png 923w, https:\/\/buea.wordcamp.org\/2017\/files\/2016\/11\/GoDaddy_Pro_logo-300x67.png 300w, https:\/\/buea.wordcamp.org\/2017\/files\/2016\/11\/GoDaddy_Pro_logo-768x172.png 768w, https:\/\/buea.wordcamp.org\/2017\/files\/2016\/11\/GoDaddy_Pro_logo-500x112.png 500w\" sizes=\"auto, (max-width: 923px) 100vw, 923px\" \/>\t\t\t\t\t\t\t\n\t\t\t\t\t\t\t\t\t\t\t\t\t\t\t<p>GoDaddy&#8217;s mission is to radically shift the global economy toward small businesses by empowering people to easily start, confidently grow and successfully run their own ventures. With more than 12 million customers worldwide and 57 million domain names under management, <a href=\"https:\/\/www.godaddy.com\/pro\" target=\"_blank\" rel=\"nofollow\">GoDaddy<\/a> gives small business owners the tools to name their idea, build a beautiful online presence, attract customers and manage their business.<\/p>\n\t\t\t\t\t\t\t\t\t\t\t\t\t<\/div>\n\t\t\t\t\t<\/div><!-- #sponsor -->\n\t\t\t\t\t\t\t<\/div><!-- .wcorg-sponsor-level -->\n\t\t\n\t\t\t<div class=\"wcorg-sponsor-level-bronze\">\n\t\t\t\t<h2>Bronze<\/h2>\n\n\t\t\t\t\n\t\t\t\t\t<div id=\"wcorg-sponsor-23\" class=\"wcorg-sponsor\">\n\t\t\t\t\t\t\t\t\t\t\t\t\t\t\t\t\t\t\t\t\t<h3>\n\t\t\t\t\t\t\t\t\tBluehost\t\t\t\t\t\t\t\t<\/h3>\n\t\t\t\t\t\t\t\t\t\t\t\t\t\n\t\t\t\t\t\t<div class=\"wcorg-sponsor-description\">\n\t\t\t\t\t\t\t\t\t\t\t\t\t\t\t<img loading=\"lazy\" decoding=\"async\" width=\"3300\" height=\"949\" src=\"https:\/\/buea.wordcamp.org\/2017\/files\/2016\/11\/bluehost-logo13.png\" class=\"attachment-wcb-sponsor-logo-horizontal-2x size-wcb-sponsor-logo-horizontal-2x wp-post-image\" alt=\"Bluehost\" srcset=\"https:\/\/buea.wordcamp.org\/2017\/files\/2016\/11\/bluehost-logo13.png 3300w, https:\/\/buea.wordcamp.org\/2017\/files\/2016\/11\/bluehost-logo13-300x86.png 300w, https:\/\/buea.wordcamp.org\/2017\/files\/2016\/11\/bluehost-logo13-768x221.png 768w, https:\/\/buea.wordcamp.org\/2017\/files\/2016\/11\/bluehost-logo13-1024x294.png 1024w, https:\/\/buea.wordcamp.org\/2017\/files\/2016\/11\/bluehost-logo13-500x144.png 500w, https:\/\/buea.wordcamp.org\/2017\/files\/2016\/11\/bluehost-logo13-1000x288.png 1000w\" sizes=\"auto, (max-width: 3300px) 100vw, 3300px\" \/>\t\t\t\t\t\t\t\n\t\t\t\t\t\t\t\t\t\t\t\t\t\t\t<p><a href=\"https:\/\/www.bluehost.com\/\" target=\"_blankt\" rel=\"nofollow\">Bluehost<\/a> has been a WordPress partner since 2005 and powers over 1 million WordPress sites worldwide. Their objective is to help customers, whether novice or pro, create a thriving online presence at an affordable price. With a team of in-house tech experts available 24\/7, Bluehost dedicates time and resources to providing the best support and services in the industry. Join millions of other site owners and see what Bluehost can do for you and your online presence.<\/p>\n\t\t\t\t\t\t\t\t\t\t\t\t\t<\/div>\n\t\t\t\t\t<\/div><!-- #sponsor -->\n\t\t\t\t\n\t\t\t\t\t<div id=\"wcorg-sponsor-24\" class=\"wcorg-sponsor\">\n\t\t\t\t\t\t\t\t\t\t\t\t\t\t\t\t\t\t\t\t\t<h3>\n\t\t\t\t\t\t\t\t\tWPML &#8211; WordPress Multilingual Plugin\t\t\t\t\t\t\t\t<\/h3>\n\t\t\t\t\t\t\t\t\t\t\t\t\t\n\t\t\t\t\t\t<div class=\"wcorg-sponsor-description\">\n\t\t\t\t\t\t\t\t\t\t\t\t\t\t\t<img loading=\"lazy\" decoding=\"async\" width=\"1327\" height=\"329\" src=\"https:\/\/buea.wordcamp.org\/2017\/files\/2016\/11\/wpml.org_.jpg\" class=\"attachment-wcb-sponsor-logo-horizontal-2x size-wcb-sponsor-logo-horizontal-2x wp-post-image\" alt=\"WPML &#8211; WordPress Multilingual Plugin\" srcset=\"https:\/\/buea.wordcamp.org\/2017\/files\/2016\/11\/wpml.org_.jpg 1327w, https:\/\/buea.wordcamp.org\/2017\/files\/2016\/11\/wpml.org_-300x74.jpg 300w, https:\/\/buea.wordcamp.org\/2017\/files\/2016\/11\/wpml.org_-768x190.jpg 768w, https:\/\/buea.wordcamp.org\/2017\/files\/2016\/11\/wpml.org_-1024x254.jpg 1024w, https:\/\/buea.wordcamp.org\/2017\/files\/2016\/11\/wpml.org_-500x124.jpg 500w, https:\/\/buea.wordcamp.org\/2017\/files\/2016\/11\/wpml.org_-1000x248.jpg 1000w\" sizes=\"auto, (max-width: 1327px) 100vw, 1327px\" \/>\t\t\t\t\t\t\t\n\t\t\t\t\t\t\t\t\t\t\t\t\t\t\t<p>\nWPML turns WordPress websites multilingual. It works with caching, SEO and E-Commerce plugins, and allows the building of complete multilingual sites. WPML powers simple blogs as well as corporate and enterprise sites.<br \/>\nWPML allows users to translate everything in the site, including content, menus, widgets and even theme and plugin texts. WPML powers over 500,000 commercial websites from all over the world.<br \/>\nMore information about going multilingual can be found at\u202f<a href=\"http:\/\/wpml.org\" target=\"_blank\" rel=\"nofollow\">WPML.org<\/a><br \/>\nWe are looking for talent. If you are a smart programmer you are welcome to contact us here: <a href=\"http:\/\/wpml.org\/home\/were-hiring\/\" target=\"_blank\" rel=\"nofollow\">http:\/\/wpml.org\/home\/were-hiring\/<\/a>.\n<\/p>\n<p>\nWPML transforme WordPress en sites multilingues. Compatible avec les syst\u00e8mes de cache, le SEO\u202fet le E-Commerce, cette extension permet de developper des sites multilingues complets. WPML\u202fs&#8217;int\u00e8gre parfaitement sur de simples blogs, et sur des sites d&#8217;entreprise ou institutionnels. <\/p>\n<p>WPML permet aux utilisateurs de tout traduire sur leur site, dont les contenus, les menus, les widgets et m\u00eame les textes provenant des th\u00e8mes ou des extensions. WPML est d\u00e9j\u00e0 install\u00e9 sur plus de 500\u202f000 sites commerciaux partout dans le monde.<br \/>\nPour savoir comment rendre votre site multilingue, consultez <a href=\"http:\/\/wpml.org\" target=\"_blank\" rel=\"nofollow\">WPML.org<\/a> .<br \/>\nNous recherchons \u00e9galement des talents.\u202fSi vous \u00eates un astucieux d\u00e9veloppeur, n&#8217;h\u00e9sitez pas \u00e0 nous contacter ici : <a href=\"http:\/\/wpml.org\/home\/were-hiring\/\" target=\"_blank\" rel=\"nofollow\">http:\/\/wpml.org\/home\/were-hiring\/<\/a><\/p>\n\t\t\t\t\t\t\t\t\t\t\t\t\t<\/div>\n\t\t\t\t\t<\/div><!-- #sponsor -->\n\t\t\t\t\t\t\t<\/div><!-- .wcorg-sponsor-level -->\n\t\t\n\t\t\t<div class=\"wcorg-sponsor-level-internet\">\n\t\t\t\t<h2>Internet<\/h2>\n\n\t\t\t\t\n\t\t\t\t\t<div id=\"wcorg-sponsor-590\" class=\"wcorg-sponsor\">\n\t\t\t\t\t\t\t\t\t\t\t\t\t\t\t\t\t\t\t\t\t<h3>\n\t\t\t\t\t\t\t\t\tSWECOM\t\t\t\t\t\t\t\t<\/h3>\n\t\t\t\t\t\t\t\t\t\t\t\t\t\n\t\t\t\t\t\t<div class=\"wcorg-sponsor-description\">\n\t\t\t\t\t\t\t\t\t\t\t\t\t\t\t<img loading=\"lazy\" decoding=\"async\" width=\"200\" height=\"200\" src=\"https:\/\/buea.wordcamp.org\/2017\/files\/2017\/04\/WhatsApp-Image-2017-04-14-at-12.26.15.jpeg\" class=\"attachment-wcb-sponsor-logo-horizontal-2x size-wcb-sponsor-logo-horizontal-2x wp-post-image\" alt=\"SWECOM\" srcset=\"https:\/\/buea.wordcamp.org\/2017\/files\/2017\/04\/WhatsApp-Image-2017-04-14-at-12.26.15.jpeg 200w, https:\/\/buea.wordcamp.org\/2017\/files\/2017\/04\/WhatsApp-Image-2017-04-14-at-12.26.15-150x150.jpeg 150w\" sizes=\"auto, (max-width: 200px) 100vw, 200px\" \/>\t\t\t\t\t\t\t\n\t\t\t\t\t\t\t\t\t\t\t\t\t\t\t\t\t\t\t\t\t\t\t\t\t\t\t\t<\/div>\n\t\t\t\t\t<\/div><!-- #sponsor -->\n\t\t\t\t\t\t\t<\/div><!-- .wcorg-sponsor-level -->\n\t\t\n\t\t\t<div class=\"wcorg-sponsor-level-media\">\n\t\t\t\t<h2>Media<\/h2>\n\n\t\t\t\t\n\t\t\t\t\t<div id=\"wcorg-sponsor-577\" class=\"wcorg-sponsor\">\n\t\t\t\t\t\t\t\t\t\t\t\t\t\t\t\t\t\t\t\t\t<h3>\n\t\t\t\t\t\t\t\t\tVoxafrica\t\t\t\t\t\t\t\t<\/h3>\n\t\t\t\t\t\t\t\t\t\t\t\t\t\n\t\t\t\t\t\t<div class=\"wcorg-sponsor-description\">\n\t\t\t\t\t\t\t\t\t\t\t\t\t\t\t<img loading=\"lazy\" decoding=\"async\" width=\"1845\" height=\"359\" src=\"https:\/\/buea.wordcamp.org\/2017\/files\/2017\/04\/voxafrica.png\" class=\"attachment-wcb-sponsor-logo-horizontal-2x size-wcb-sponsor-logo-horizontal-2x wp-post-image\" alt=\"Voxafrica\" srcset=\"https:\/\/buea.wordcamp.org\/2017\/files\/2017\/04\/voxafrica.png 1845w, https:\/\/buea.wordcamp.org\/2017\/files\/2017\/04\/voxafrica-300x58.png 300w, https:\/\/buea.wordcamp.org\/2017\/files\/2017\/04\/voxafrica-768x149.png 768w, https:\/\/buea.wordcamp.org\/2017\/files\/2017\/04\/voxafrica-1024x199.png 1024w, https:\/\/buea.wordcamp.org\/2017\/files\/2017\/04\/voxafrica-500x97.png 500w, https:\/\/buea.wordcamp.org\/2017\/files\/2017\/04\/voxafrica-1000x195.png 1000w\" sizes=\"auto, (max-width: 1845px) 100vw, 1845px\" \/>\t\t\t\t\t\t\t\n\t\t\t\t\t\t\t\t\t\t\t\t\t\t\t\t\t\t\t\t\t\t\t\t\t\t\t\t<\/div>\n\t\t\t\t\t<\/div><!-- #sponsor -->\n\t\t\t\t\n\t\t\t\t\t<div id=\"wcorg-sponsor-583\" class=\"wcorg-sponsor\">\n\t\t\t\t\t\t\t\t\t\t\t\t\t\t\t\t\t\t\t\t\t<h3>\n\t\t\t\t\t\t\t\t\tAuletch\t\t\t\t\t\t\t\t<\/h3>\n\t\t\t\t\t\t\t\t\t\t\t\t\t\n\t\t\t\t\t\t<div class=\"wcorg-sponsor-description\">\n\t\t\t\t\t\t\t\t\t\t\t\t\t\t\t<img loading=\"lazy\" decoding=\"async\" width=\"900\" height=\"900\" src=\"https:\/\/buea.wordcamp.org\/2017\/files\/2017\/04\/auletch.jpg\" class=\"attachment-wcb-sponsor-logo-horizontal-2x size-wcb-sponsor-logo-horizontal-2x wp-post-image\" alt=\"Auletch\" srcset=\"https:\/\/buea.wordcamp.org\/2017\/files\/2017\/04\/auletch.jpg 900w, https:\/\/buea.wordcamp.org\/2017\/files\/2017\/04\/auletch-150x150.jpg 150w, https:\/\/buea.wordcamp.org\/2017\/files\/2017\/04\/auletch-300x300.jpg 300w, https:\/\/buea.wordcamp.org\/2017\/files\/2017\/04\/auletch-768x768.jpg 768w\" sizes=\"auto, (max-width: 900px) 100vw, 900px\" \/>\t\t\t\t\t\t\t\n\t\t\t\t\t\t\t\t\t\t\t\t\t\t\t\t\t\t\t\t\t\t\t\t\t\t\t\t<\/div>\n\t\t\t\t\t<\/div><!-- #sponsor -->\n\t\t\t\t\t\t\t<\/div><!-- .wcorg-sponsor-level -->\n\t\t\n\t\t\t<div class=\"wcorg-sponsor-level-venue-and-assistance\">\n\t\t\t\t<h2>Venue and Assistance<\/h2>\n\n\t\t\t\t\n\t\t\t\t\t<div id=\"wcorg-sponsor-580\" class=\"wcorg-sponsor\">\n\t\t\t\t\t\t\t\t\t\t\t\t\t\t\t\t\t\t\t\t\t<h3>\n\t\t\t\t\t\t\t\t\tActivSpaces\t\t\t\t\t\t\t\t<\/h3>\n\t\t\t\t\t\t\t\t\t\t\t\t\t\n\t\t\t\t\t\t<div class=\"wcorg-sponsor-description\">\n\t\t\t\t\t\t\t\t\t\t\t\t\t\t\t<img loading=\"lazy\" decoding=\"async\" width=\"150\" height=\"150\" src=\"https:\/\/buea.wordcamp.org\/2017\/files\/2017\/04\/logo.jpg\" class=\"attachment-wcb-sponsor-logo-horizontal-2x size-wcb-sponsor-logo-horizontal-2x wp-post-image\" alt=\"ActivSpaces\" \/>\t\t\t\t\t\t\t\n\t\t\t\t\t\t\t\t\t\t\t\t\t\t\t<p>ActivSpaces is a tech hub with two co-working spaces and an incubator program called Activation Boot Camp. The co-working space is free to tech entrepreneurs who are actively working on a startup.<\/p>\n\t\t\t\t\t\t\t\t\t\t\t\t\t<\/div>\n\t\t\t\t\t<\/div><!-- #sponsor -->\n\t\t\t\t\t\t\t<\/div><!-- .wcorg-sponsor-level -->\n\t\t\t<\/div><!-- .wcorg-sponsors -->\n\n\t\n<h3>Interested in sponsoring WordCamp this year?<\/h3>\n<p>Check out our <a href=\"\/call-for-sponsors\" rel=\"nofollow\">Call for Sponsors<\/a> post for details on how you can help make this year&#8217;s WordCamp the best it can be!<\/p>\n","protected":false},"excerpt":{"rendered":"<p>Interested in sponsoring WordCamp this year? Check out our Call for Sponsors post for details on how you can help make this year&#8217;s WordCamp the best it can be!<\/p>\n","protected":false},"author":14642450,"featured_media":0,"parent":0,"menu_order":0,"comment_status":"closed","ping_status":"closed","template":"","meta":{"_crdt_document":"","footnotes":""},"class_list":["post-10","page","type-page","status-publish","hentry"],"jetpack_sharing_enabled":true,"jetpack_shortlink":"https:\/\/wp.me\/PhePgh-a","_links":{"self":[{"href":"https:\/\/buea.wordcamp.org\/2017\/wp-json\/wp\/v2\/pages\/10","targetHints":{"allow":["GET"]}}],"collection":[{"href":"https:\/\/buea.wordcamp.org\/2017\/wp-json\/wp\/v2\/pages"}],"about":[{"href":"https:\/\/buea.wordcamp.org\/2017\/wp-json\/wp\/v2\/types\/page"}],"author":[{"embeddable":true,"href":"https:\/\/buea.wordcamp.org\/2017\/wp-json\/wp\/v2\/users\/14642450"}],"replies":[{"embeddable":true,"href":"https:\/\/buea.wordcamp.org\/2017\/wp-json\/wp\/v2\/comments?post=10"}],"version-history":[{"count":2,"href":"https:\/\/buea.wordcamp.org\/2017\/wp-json\/wp\/v2\/pages\/10\/revisions"}],"predecessor-version":[{"id":252,"href":"https:\/\/buea.wordcamp.org\/2017\/wp-json\/wp\/v2\/pages\/10\/revisions\/252"}],"wp:attachment":[{"href":"https:\/\/buea.wordcamp.org\/2017\/wp-json\/wp\/v2\/media?parent=10"}],"curies":[{"name":"wp","href":"https:\/\/api.w.org\/{rel}","templated":true}]}}